{"id":7146,"date":"2026-03-19T18:06:11","date_gmt":"2026-03-19T18:06:11","guid":{"rendered":"https:\/\/www.text2reach.com\/?page_id=7146"},"modified":"2026-04-05T16:10:18","modified_gmt":"2026-04-05T16:10:18","slug":"industries","status":"publish","type":"page","link":"https:\/\/www.text2reach.com\/en\/industries\/","title":{"rendered":"Industries"},"content":{"rendered":"\n<div class=\"wp-block-columns alignfull has-background\" style=\"background-color:#f4f8f9\">\n<div class=\"wp-block-column\">\n\n\n<div class=\"t2r-api-grid\">\n    <div class=\"items-grid\">\n\n        \n        <div class=\"item\">\n                        <div class=\"icon\">\n                <img src=\"https:\/\/www.text2reach.com\/wp-content\/uploads\/2026\/03\/ICN_F-110x110.jpg\" alt=\"\">            <\/div>\n                        <div class=\"text\">\n                <h2><a href=\"https:\/\/www.text2reach.com\/en\/sms-for-finance\/\" target=\"\">SMS for Finance Companies<\/a><\/h2>\n                <div class=\"desc\">\n                    Use SMS for verification, payment reminders, account updates, and security-related communication in fast-moving financial workflows.                <\/div>\n            <\/div>\n                        <div class=\"cta\">\n                <a href=\"https:\/\/www.text2reach.com\/en\/sms-for-finance\/\" target=\"\">Learn More<\/a>\n            <\/div>\n                    <\/div>\n\n        \n        <div class=\"item\">\n                        <div class=\"icon\">\n                <img src=\"https:\/\/www.text2reach.com\/wp-content\/uploads\/2026\/03\/ICN_E-110x110.png\" alt=\"\">            <\/div>\n                        <div class=\"text\">\n                <h2><a href=\"https:\/\/www.text2reach.com\/en\/ecommerce-sms\/\" target=\"\">SMS for eCommerce<\/a><\/h2>\n                <div class=\"desc\">\n                    Send SMS for promotions, order updates, and customer notifications to help ecommerce brands increase sales and improve post-purchase communication.\r\n                <\/div>\n            <\/div>\n                        <div class=\"cta\">\n                <a href=\"https:\/\/www.text2reach.com\/en\/ecommerce-sms\/\" target=\"\">Learn more<\/a>\n            <\/div>\n                    <\/div>\n\n        \n        <div class=\"item\">\n                        <div class=\"icon\">\n                <img src=\"https:\/\/www.text2reach.com\/wp-content\/uploads\/2026\/03\/ICN_R-110x110.png\" alt=\"\">            <\/div>\n                        <div class=\"text\">\n                <h2><a href=\"https:\/\/www.text2reach.com\/en\/sms-for-retail\/\" target=\"\">Retail SMS<\/a><\/h2>\n                <div class=\"desc\">\n                    Reach customers with flash sales, store updates, restock alerts, and click-and-collect notifications through faster retail messaging.\r\n                <\/div>\n            <\/div>\n                        <div class=\"cta\">\n                <a href=\"https:\/\/www.text2reach.com\/en\/sms-for-retail\/\" target=\"\">Learn more<\/a>\n            <\/div>\n                    <\/div>\n\n        \n        <div class=\"item\">\n                        <div class=\"icon\">\n                <img src=\"https:\/\/www.text2reach.com\/wp-content\/uploads\/2026\/03\/ICN_SC-110x110.png\" alt=\"\">            <\/div>\n                        <div class=\"text\">\n                <h2><a href=\"https:\/\/www.text2reach.com\/en\/sms-for-schools\/\" target=\"\">SMS for Schools<\/a><\/h2>\n                <div class=\"desc\">\n                    Reduce admin workload and send attendance alerts, reminders, school notices, and urgent updates to parents, students, and staff.\r\n                <\/div>\n            <\/div>\n                        <div class=\"cta\">\n                <a href=\"https:\/\/www.text2reach.com\/en\/sms-for-schools\/\" target=\"\">Learn more<\/a>\n            <\/div>\n                    <\/div>\n\n        \n        <div class=\"item\">\n                        <div class=\"icon\">\n                <img src=\"https:\/\/www.text2reach.com\/wp-content\/uploads\/2026\/03\/ICN_SAAS-110x110.png\" alt=\"\">            <\/div>\n                        <div class=\"text\">\n                <h2><a href=\"https:\/\/www.text2reach.com\/en\/sms-for-saas\/\" target=\"\">SMS for SaaS Companies<\/a><\/h2>\n                <div class=\"desc\">\n                    Automate onboarding, OTP, billing reminders, support updates, and product notifications while reducing manual communication costs.\r\n                <\/div>\n            <\/div>\n                        <div class=\"cta\">\n                <a href=\"https:\/\/www.text2reach.com\/en\/sms-for-saas\/\" target=\"\">Learn more<\/a>\n            <\/div>\n                    <\/div>\n\n        \n        <div class=\"item\">\n                        <div class=\"icon\">\n                <img src=\"https:\/\/www.text2reach.com\/wp-content\/uploads\/2026\/03\/ICN_RE-110x110.png\" alt=\"\">            <\/div>\n                        <div class=\"text\">\n                <h2><a href=\"https:\/\/www.text2reach.com\/en\/sms-for-real-estate\/\" target=\"\">SMS for Real Estate<\/a><\/h2>\n                <div class=\"desc\">\n                    Send listing alerts, viewing reminders, tenant notices, and lead follow-ups to make real estate communication faster and more cost-efficient.\r\n                <\/div>\n            <\/div>\n                        <div class=\"cta\">\n                <a href=\"https:\/\/www.text2reach.com\/en\/sms-for-real-estate\/\" target=\"\">Learn more<\/a>\n            <\/div>\n                    <\/div>\n\n        \n        <div class=\"item\">\n                        <div class=\"icon\">\n                <img src=\"https:\/\/www.text2reach.com\/wp-content\/uploads\/2026\/03\/ICN_ENT-110x110.png\" alt=\"\">            <\/div>\n                        <div class=\"text\">\n                <h2><a href=\"https:\/\/www.text2reach.com\/en\/enterprise-sms\/\" target=\"\">Enterprise SMS Solution<\/a><\/h2>\n                <div class=\"desc\">\n                    Support large-scale customer communication, internal alerts, and operational messaging across teams, systems, and multiple markets.\r\n                <\/div>\n            <\/div>\n                        <div class=\"cta\">\n                <a href=\"https:\/\/www.text2reach.com\/en\/enterprise-sms\/\" target=\"\">Learn more<\/a>\n            <\/div>\n                    <\/div>\n\n        \n\n    <\/div>\n<\/div>\n<\/div>\n<\/div>\n","protected":false},"excerpt":{"rendered":"","protected":false},"author":7,"featured_media":0,"parent":0,"menu_order":0,"comment_status":"closed","ping_status":"closed","template":"","meta":{"content-type":"","inline_featured_image":false},"acf":[],"yoast_head":"<!-- This site is optimized with the Yoast SEO plugin v19.0 - https:\/\/yoast.com\/wordpress\/plugins\/seo\/ -->\n<title>SMS Solutions by Industry | Text2reach<\/title>\n<meta name=\"description\" content=\"Explore SMS solutions by industry. Send faster, more cost-efficient messages for ecommerce, finance, retail, schools, SaaS, real estate, and enterprise teams.\" \/>\n<meta name=\"robots\" content=\"index, follow, max-snippet:-1, max-image-preview:large, max-video-preview:-1\" \/>\n<link rel=\"canonical\" href=\"https:\/\/www.text2reach.com\/en\/industries\/\" \/>\n<meta property=\"og:locale\" content=\"en_US\" \/>\n<meta property=\"og:type\" content=\"article\" \/>\n<meta property=\"og:title\" content=\"SMS Solutions by Industry | Text2reach\" \/>\n<meta property=\"og:description\" content=\"Explore SMS solutions by industry. Send faster, more cost-efficient messages for ecommerce, finance, retail, schools, SaaS, real estate, and enterprise teams.\" \/>\n<meta property=\"og:url\" content=\"https:\/\/www.text2reach.com\/en\/industries\/\" \/>\n<meta property=\"og:site_name\" content=\"Text2reach\" \/>\n<meta property=\"article:modified_time\" content=\"2026-04-05T16:10:18+00:00\" \/>\n<meta property=\"og:image\" content=\"https:\/\/www.text2reach.com\/wp-content\/uploads\/2022\/06\/opengraph.png\" \/>\n\t<meta property=\"og:image:width\" content=\"600\" \/>\n\t<meta property=\"og:image:height\" content=\"600\" \/>\n\t<meta property=\"og:image:type\" content=\"image\/png\" \/>\n<meta name=\"twitter:card\" content=\"summary_large_image\" \/>\n<meta name=\"twitter:label1\" content=\"Est. reading time\" \/>\n\t<meta name=\"twitter:data1\" content=\"1 minute\" \/>\n<script type=\"application\/ld+json\" class=\"yoast-schema-graph\">{\"@context\":\"https:\/\/schema.org\",\"@graph\":[{\"@type\":\"WebSite\",\"@id\":\"https:\/\/www.text2reach.com\/#website\",\"url\":\"https:\/\/www.text2reach.com\/\",\"name\":\"Text2reach\",\"description\":\"SMS izs\u016bt\u012b\u0161ana\",\"potentialAction\":[{\"@type\":\"SearchAction\",\"target\":{\"@type\":\"EntryPoint\",\"urlTemplate\":\"https:\/\/www.text2reach.com\/?s={search_term_string}\"},\"query-input\":\"required name=search_term_string\"}],\"inLanguage\":\"en-US\"},{\"@type\":\"WebPage\",\"@id\":\"https:\/\/www.text2reach.com\/en\/industries\/#webpage\",\"url\":\"https:\/\/www.text2reach.com\/en\/industries\/\",\"name\":\"SMS Solutions by Industry | Text2reach\",\"isPartOf\":{\"@id\":\"https:\/\/www.text2reach.com\/#website\"},\"datePublished\":\"2026-03-19T18:06:11+00:00\",\"dateModified\":\"2026-04-05T16:10:18+00:00\",\"description\":\"Explore SMS solutions by industry. Send faster, more cost-efficient messages for ecommerce, finance, retail, schools, SaaS, real estate, and enterprise teams.\",\"breadcrumb\":{\"@id\":\"https:\/\/www.text2reach.com\/en\/industries\/#breadcrumb\"},\"inLanguage\":\"en-US\",\"potentialAction\":[{\"@type\":\"ReadAction\",\"target\":[\"https:\/\/www.text2reach.com\/en\/industries\/\"]}]},{\"@type\":\"BreadcrumbList\",\"@id\":\"https:\/\/www.text2reach.com\/en\/industries\/#breadcrumb\",\"itemListElement\":[{\"@type\":\"ListItem\",\"position\":1,\"name\":\"Home\",\"item\":\"https:\/\/www.text2reach.com\/en\/\"},{\"@type\":\"ListItem\",\"position\":2,\"name\":\"Industries\"}]}]}<\/script>\n<!-- \/ Yoast SEO plugin. -->","yoast_head_json":{"title":"SMS Solutions by Industry | Text2reach","description":"Explore SMS solutions by industry. Send faster, more cost-efficient messages for ecommerce, finance, retail, schools, SaaS, real estate, and enterprise teams.","robots":{"index":"index","follow":"follow","max-snippet":"max-snippet:-1","max-image-preview":"max-image-preview:large","max-video-preview":"max-video-preview:-1"},"canonical":"https:\/\/www.text2reach.com\/en\/industries\/","og_locale":"en_US","og_type":"article","og_title":"SMS Solutions by Industry | Text2reach","og_description":"Explore SMS solutions by industry. Send faster, more cost-efficient messages for ecommerce, finance, retail, schools, SaaS, real estate, and enterprise teams.","og_url":"https:\/\/www.text2reach.com\/en\/industries\/","og_site_name":"Text2reach","article_modified_time":"2026-04-05T16:10:18+00:00","og_image":[{"width":600,"height":600,"url":"https:\/\/www.text2reach.com\/wp-content\/uploads\/2022\/06\/opengraph.png","type":"image\/png"}],"twitter_card":"summary_large_image","twitter_misc":{"Est. reading time":"1 minute"},"schema":{"@context":"https:\/\/schema.org","@graph":[{"@type":"WebSite","@id":"https:\/\/www.text2reach.com\/#website","url":"https:\/\/www.text2reach.com\/","name":"Text2reach","description":"SMS izs\u016bt\u012b\u0161ana","potentialAction":[{"@type":"SearchAction","target":{"@type":"EntryPoint","urlTemplate":"https:\/\/www.text2reach.com\/?s={search_term_string}"},"query-input":"required name=search_term_string"}],"inLanguage":"en-US"},{"@type":"WebPage","@id":"https:\/\/www.text2reach.com\/en\/industries\/#webpage","url":"https:\/\/www.text2reach.com\/en\/industries\/","name":"SMS Solutions by Industry | Text2reach","isPartOf":{"@id":"https:\/\/www.text2reach.com\/#website"},"datePublished":"2026-03-19T18:06:11+00:00","dateModified":"2026-04-05T16:10:18+00:00","description":"Explore SMS solutions by industry. Send faster, more cost-efficient messages for ecommerce, finance, retail, schools, SaaS, real estate, and enterprise teams.","breadcrumb":{"@id":"https:\/\/www.text2reach.com\/en\/industries\/#breadcrumb"},"inLanguage":"en-US","potentialAction":[{"@type":"ReadAction","target":["https:\/\/www.text2reach.com\/en\/industries\/"]}]},{"@type":"BreadcrumbList","@id":"https:\/\/www.text2reach.com\/en\/industries\/#breadcrumb","itemListElement":[{"@type":"ListItem","position":1,"name":"Home","item":"https:\/\/www.text2reach.com\/en\/"},{"@type":"ListItem","position":2,"name":"Industries"}]}]}},"_links":{"self":[{"href":"https:\/\/www.text2reach.com\/en\/wp-json\/wp\/v2\/pages\/7146"}],"collection":[{"href":"https:\/\/www.text2reach.com\/en\/wp-json\/wp\/v2\/pages"}],"about":[{"href":"https:\/\/www.text2reach.com\/en\/wp-json\/wp\/v2\/types\/page"}],"author":[{"embeddable":true,"href":"https:\/\/www.text2reach.com\/en\/wp-json\/wp\/v2\/users\/7"}],"replies":[{"embeddable":true,"href":"https:\/\/www.text2reach.com\/en\/wp-json\/wp\/v2\/comments?post=7146"}],"version-history":[{"count":12,"href":"https:\/\/www.text2reach.com\/en\/wp-json\/wp\/v2\/pages\/7146\/revisions"}],"predecessor-version":[{"id":7601,"href":"https:\/\/www.text2reach.com\/en\/wp-json\/wp\/v2\/pages\/7146\/revisions\/7601"}],"wp:attachment":[{"href":"https:\/\/www.text2reach.com\/en\/wp-json\/wp\/v2\/media?parent=7146"}],"curies":[{"name":"wp","href":"https:\/\/api.w.org\/{rel}","templated":true}]}}