{"id":6506,"date":"2026-02-03T10:28:40","date_gmt":"2026-02-03T10:28:40","guid":{"rendered":"https:\/\/www.text2reach.com\/?page_id=6506"},"modified":"2026-02-03T10:28:52","modified_gmt":"2026-02-03T10:28:52","slug":"our-philosophy","status":"publish","type":"page","link":"https:\/\/www.text2reach.com\/en\/our-philosophy\/","title":{"rendered":"Our Philosophy"},"content":{"rendered":"\n<h3 class=\"has-text-align-center\"><strong>Our Vision:<\/strong><\/h3>\n\n\n\n<h2 class=\"has-text-align-center\">SMS, DONE RIGHT<\/h2>\n\n\n\n<p class=\"has-text-align-center\"><em>What we do and how<\/em><\/p>\n\n\n\n<div style=\"height:100px\" aria-hidden=\"true\" class=\"wp-block-spacer\"><\/div>\n\n\n\n<h3 class=\"has-text-align-center\"><strong>Our Mission:<\/strong><\/h3>\n\n\n\n<h2 class=\"has-text-align-center\">CONNECTING BUSINESSES TO PEOPLE<\/h2>\n\n\n\n<p class=\"has-text-align-center\"><em>Why we exist and who we serve<\/em><\/p>\n\n\n\n<div style=\"height:100px\" aria-hidden=\"true\" class=\"wp-block-spacer\"><\/div>\n\n\n\n<h3 class=\"has-text-align-center\"><strong>Our Values:<\/strong><\/h3>\n\n\n\n<h2 class=\"has-text-align-center\">OWN IT<\/h2>\n\n\n\n<h2 class=\"has-text-align-center\">DON\u2019T QUIT<\/h2>\n\n\n\n<h2 class=\"has-text-align-center\">LEAD BY EXAMPLE<\/h2>\n\n\n\n<h2 class=\"has-text-align-center\">GOING THE EXTRA MILE<\/h2>\n\n\n\n<p class=\"has-text-align-center\"><em>How we think, decide, and work daily<\/em><\/p>\n\n\n\n<div style=\"height:100px\" aria-hidden=\"true\" class=\"wp-block-spacer\"><\/div>\n\n\n\n<div class=\"wp-block-columns\">\n<div class=\"wp-block-column\">\n<figure class=\"wp-block-image size-large\"><img loading=\"lazy\" width=\"768\" height=\"1024\" src=\"https:\/\/www.text2reach.com\/wp-content\/uploads\/2026\/01\/3-768x1024.jpg\" alt=\"\" class=\"wp-image-6457\" srcset=\"https:\/\/www.text2reach.com\/wp-content\/uploads\/2026\/01\/3-768x1024.jpg 768w, https:\/\/www.text2reach.com\/wp-content\/uploads\/2026\/01\/3-225x300.jpg 225w, https:\/\/www.text2reach.com\/wp-content\/uploads\/2026\/01\/3-1152x1536.jpg 1152w, https:\/\/www.text2reach.com\/wp-content\/uploads\/2026\/01\/3-90x120.jpg 90w, https:\/\/www.text2reach.com\/wp-content\/uploads\/2026\/01\/3-420x560.jpg 420w, https:\/\/www.text2reach.com\/wp-content\/uploads\/2026\/01\/3-120x160.jpg 120w, https:\/\/www.text2reach.com\/wp-content\/uploads\/2026\/01\/3-102x136.jpg 102w, https:\/\/www.text2reach.com\/wp-content\/uploads\/2026\/01\/3-60x80.jpg 60w, https:\/\/www.text2reach.com\/wp-content\/uploads\/2026\/01\/3-83x110.jpg 83w, https:\/\/www.text2reach.com\/wp-content\/uploads\/2026\/01\/3-165x220.jpg 165w, https:\/\/www.text2reach.com\/wp-content\/uploads\/2026\/01\/3-610x813.jpg 610w, https:\/\/www.text2reach.com\/wp-content\/uploads\/2026\/01\/3.jpg 1536w\" sizes=\"(max-width: 768px) 100vw, 768px\" \/><\/figure>\n<\/div>\n\n\n\n<div class=\"wp-block-column\">\n<figure class=\"wp-block-image size-large\"><img loading=\"lazy\" width=\"768\" height=\"1024\" src=\"https:\/\/www.text2reach.com\/wp-content\/uploads\/2026\/01\/1-768x1024.jpg\" alt=\"\" class=\"wp-image-6461\" srcset=\"https:\/\/www.text2reach.com\/wp-content\/uploads\/2026\/01\/1-768x1024.jpg 768w, https:\/\/www.text2reach.com\/wp-content\/uploads\/2026\/01\/1-225x300.jpg 225w, https:\/\/www.text2reach.com\/wp-content\/uploads\/2026\/01\/1-1152x1536.jpg 1152w, https:\/\/www.text2reach.com\/wp-content\/uploads\/2026\/01\/1-90x120.jpg 90w, https:\/\/www.text2reach.com\/wp-content\/uploads\/2026\/01\/1-420x560.jpg 420w, https:\/\/www.text2reach.com\/wp-content\/uploads\/2026\/01\/1-120x160.jpg 120w, https:\/\/www.text2reach.com\/wp-content\/uploads\/2026\/01\/1-102x136.jpg 102w, https:\/\/www.text2reach.com\/wp-content\/uploads\/2026\/01\/1-60x80.jpg 60w, https:\/\/www.text2reach.com\/wp-content\/uploads\/2026\/01\/1-83x110.jpg 83w, https:\/\/www.text2reach.com\/wp-content\/uploads\/2026\/01\/1-165x220.jpg 165w, https:\/\/www.text2reach.com\/wp-content\/uploads\/2026\/01\/1-610x813.jpg 610w, https:\/\/www.text2reach.com\/wp-content\/uploads\/2026\/01\/1.jpg 1512w\" sizes=\"(max-width: 768px) 100vw, 768px\" \/><\/figure>\n<\/div>\n\n\n\n<div class=\"wp-block-column\">\n<figure class=\"wp-block-image size-large\"><img loading=\"lazy\" width=\"768\" height=\"1024\" src=\"https:\/\/www.text2reach.com\/wp-content\/uploads\/2026\/01\/7-768x1024.jpg\" alt=\"\" class=\"wp-image-6449\" srcset=\"https:\/\/www.text2reach.com\/wp-content\/uploads\/2026\/01\/7-768x1024.jpg 768w, https:\/\/www.text2reach.com\/wp-content\/uploads\/2026\/01\/7-225x300.jpg 225w, https:\/\/www.text2reach.com\/wp-content\/uploads\/2026\/01\/7-1152x1536.jpg 1152w, https:\/\/www.text2reach.com\/wp-content\/uploads\/2026\/01\/7-90x120.jpg 90w, https:\/\/www.text2reach.com\/wp-content\/uploads\/2026\/01\/7-420x560.jpg 420w, https:\/\/www.text2reach.com\/wp-content\/uploads\/2026\/01\/7-120x160.jpg 120w, https:\/\/www.text2reach.com\/wp-content\/uploads\/2026\/01\/7-102x136.jpg 102w, https:\/\/www.text2reach.com\/wp-content\/uploads\/2026\/01\/7-60x80.jpg 60w, https:\/\/www.text2reach.com\/wp-content\/uploads\/2026\/01\/7-83x110.jpg 83w, https:\/\/www.text2reach.com\/wp-content\/uploads\/2026\/01\/7-165x220.jpg 165w, https:\/\/www.text2reach.com\/wp-content\/uploads\/2026\/01\/7-610x813.jpg 610w, https:\/\/www.text2reach.com\/wp-content\/uploads\/2026\/01\/7.jpg 1536w\" sizes=\"(max-width: 768px) 100vw, 768px\" \/><\/figure>\n<\/div>\n<\/div>\n","protected":false},"excerpt":{"rendered":"<p>Our Vision: SMS, DONE RIGHT What we do and how Our Mission: CONNECTING BUSINESSES TO PEOPLE Why we exist and who we serve Our Values: OWN IT DON\u2019T QUIT LEAD BY EXAMPLE GOING THE EXTRA MILE How we think, decide, and work daily<\/p>\n","protected":false},"author":1,"featured_media":0,"parent":0,"menu_order":0,"comment_status":"closed","ping_status":"closed","template":"","meta":{"content-type":"","inline_featured_image":false},"acf":[],"yoast_head":"<!-- This site is optimized with the Yoast SEO plugin v19.0 - https:\/\/yoast.com\/wordpress\/plugins\/seo\/ -->\n<title>Our Philosophy - Text2reach<\/title>\n<meta name=\"robots\" content=\"index, follow, max-snippet:-1, max-image-preview:large, max-video-preview:-1\" \/>\n<link rel=\"canonical\" href=\"https:\/\/www.text2reach.com\/en\/our-philosophy\/\" \/>\n<meta property=\"og:locale\" content=\"en_US\" \/>\n<meta property=\"og:type\" content=\"article\" \/>\n<meta property=\"og:title\" content=\"Our Philosophy - Text2reach\" \/>\n<meta property=\"og:description\" content=\"Our Vision: SMS, DONE RIGHT What we do and how Our Mission: CONNECTING BUSINESSES TO PEOPLE Why we exist and who we serve Our Values: OWN IT DON\u2019T QUIT LEAD BY EXAMPLE GOING THE EXTRA MILE How we think, decide, and work daily\" \/>\n<meta property=\"og:url\" content=\"https:\/\/www.text2reach.com\/en\/our-philosophy\/\" \/>\n<meta property=\"og:site_name\" content=\"Text2reach\" \/>\n<meta property=\"article:modified_time\" content=\"2026-02-03T10:28:52+00:00\" \/>\n<meta property=\"og:image\" content=\"https:\/\/www.text2reach.com\/wp-content\/uploads\/2026\/01\/3-768x1024.jpg\" \/>\n<meta name=\"twitter:card\" content=\"summary_large_image\" \/>\n<meta name=\"twitter:label1\" content=\"Est. reading time\" \/>\n\t<meta name=\"twitter:data1\" content=\"1 minute\" \/>\n<script type=\"application\/ld+json\" class=\"yoast-schema-graph\">{\"@context\":\"https:\/\/schema.org\",\"@graph\":[{\"@type\":\"WebSite\",\"@id\":\"https:\/\/www.text2reach.com\/#website\",\"url\":\"https:\/\/www.text2reach.com\/\",\"name\":\"Text2reach\",\"description\":\"SMS izs\u016bt\u012b\u0161ana\",\"potentialAction\":[{\"@type\":\"SearchAction\",\"target\":{\"@type\":\"EntryPoint\",\"urlTemplate\":\"https:\/\/www.text2reach.com\/?s={search_term_string}\"},\"query-input\":\"required name=search_term_string\"}],\"inLanguage\":\"en-US\"},{\"@type\":\"ImageObject\",\"inLanguage\":\"en-US\",\"@id\":\"https:\/\/www.text2reach.com\/en\/our-philosophy\/#primaryimage\",\"url\":\"https:\/\/www.text2reach.com\/wp-content\/uploads\/2026\/01\/3.jpg\",\"contentUrl\":\"https:\/\/www.text2reach.com\/wp-content\/uploads\/2026\/01\/3.jpg\",\"width\":1536,\"height\":2048},{\"@type\":\"WebPage\",\"@id\":\"https:\/\/www.text2reach.com\/en\/our-philosophy\/#webpage\",\"url\":\"https:\/\/www.text2reach.com\/en\/our-philosophy\/\",\"name\":\"Our Philosophy - Text2reach\",\"isPartOf\":{\"@id\":\"https:\/\/www.text2reach.com\/#website\"},\"primaryImageOfPage\":{\"@id\":\"https:\/\/www.text2reach.com\/en\/our-philosophy\/#primaryimage\"},\"datePublished\":\"2026-02-03T10:28:40+00:00\",\"dateModified\":\"2026-02-03T10:28:52+00:00\",\"breadcrumb\":{\"@id\":\"https:\/\/www.text2reach.com\/en\/our-philosophy\/#breadcrumb\"},\"inLanguage\":\"en-US\",\"potentialAction\":[{\"@type\":\"ReadAction\",\"target\":[\"https:\/\/www.text2reach.com\/en\/our-philosophy\/\"]}]},{\"@type\":\"BreadcrumbList\",\"@id\":\"https:\/\/www.text2reach.com\/en\/our-philosophy\/#breadcrumb\",\"itemListElement\":[{\"@type\":\"ListItem\",\"position\":1,\"name\":\"Home\",\"item\":\"https:\/\/www.text2reach.com\/en\/\"},{\"@type\":\"ListItem\",\"position\":2,\"name\":\"Our Philosophy\"}]}]}<\/script>\n<!-- \/ Yoast SEO plugin. -->","yoast_head_json":{"title":"Our Philosophy - Text2reach","robots":{"index":"index","follow":"follow","max-snippet":"max-snippet:-1","max-image-preview":"max-image-preview:large","max-video-preview":"max-video-preview:-1"},"canonical":"https:\/\/www.text2reach.com\/en\/our-philosophy\/","og_locale":"en_US","og_type":"article","og_title":"Our Philosophy - Text2reach","og_description":"Our Vision: SMS, DONE RIGHT What we do and how Our Mission: CONNECTING BUSINESSES TO PEOPLE Why we exist and who we serve Our Values: OWN IT DON\u2019T QUIT LEAD BY EXAMPLE GOING THE EXTRA MILE How we think, decide, and work daily","og_url":"https:\/\/www.text2reach.com\/en\/our-philosophy\/","og_site_name":"Text2reach","article_modified_time":"2026-02-03T10:28:52+00:00","og_image":[{"url":"https:\/\/www.text2reach.com\/wp-content\/uploads\/2026\/01\/3-768x1024.jpg"}],"twitter_card":"summary_large_image","twitter_misc":{"Est. reading time":"1 minute"},"schema":{"@context":"https:\/\/schema.org","@graph":[{"@type":"WebSite","@id":"https:\/\/www.text2reach.com\/#website","url":"https:\/\/www.text2reach.com\/","name":"Text2reach","description":"SMS izs\u016bt\u012b\u0161ana","potentialAction":[{"@type":"SearchAction","target":{"@type":"EntryPoint","urlTemplate":"https:\/\/www.text2reach.com\/?s={search_term_string}"},"query-input":"required name=search_term_string"}],"inLanguage":"en-US"},{"@type":"ImageObject","inLanguage":"en-US","@id":"https:\/\/www.text2reach.com\/en\/our-philosophy\/#primaryimage","url":"https:\/\/www.text2reach.com\/wp-content\/uploads\/2026\/01\/3.jpg","contentUrl":"https:\/\/www.text2reach.com\/wp-content\/uploads\/2026\/01\/3.jpg","width":1536,"height":2048},{"@type":"WebPage","@id":"https:\/\/www.text2reach.com\/en\/our-philosophy\/#webpage","url":"https:\/\/www.text2reach.com\/en\/our-philosophy\/","name":"Our Philosophy - Text2reach","isPartOf":{"@id":"https:\/\/www.text2reach.com\/#website"},"primaryImageOfPage":{"@id":"https:\/\/www.text2reach.com\/en\/our-philosophy\/#primaryimage"},"datePublished":"2026-02-03T10:28:40+00:00","dateModified":"2026-02-03T10:28:52+00:00","breadcrumb":{"@id":"https:\/\/www.text2reach.com\/en\/our-philosophy\/#breadcrumb"},"inLanguage":"en-US","potentialAction":[{"@type":"ReadAction","target":["https:\/\/www.text2reach.com\/en\/our-philosophy\/"]}]},{"@type":"BreadcrumbList","@id":"https:\/\/www.text2reach.com\/en\/our-philosophy\/#breadcrumb","itemListElement":[{"@type":"ListItem","position":1,"name":"Home","item":"https:\/\/www.text2reach.com\/en\/"},{"@type":"ListItem","position":2,"name":"Our Philosophy"}]}]}},"_links":{"self":[{"href":"https:\/\/www.text2reach.com\/en\/wp-json\/wp\/v2\/pages\/6506"}],"collection":[{"href":"https:\/\/www.text2reach.com\/en\/wp-json\/wp\/v2\/pages"}],"about":[{"href":"https:\/\/www.text2reach.com\/en\/wp-json\/wp\/v2\/types\/page"}],"author":[{"embeddable":true,"href":"https:\/\/www.text2reach.com\/en\/wp-json\/wp\/v2\/users\/1"}],"replies":[{"embeddable":true,"href":"https:\/\/www.text2reach.com\/en\/wp-json\/wp\/v2\/comments?post=6506"}],"version-history":[{"count":1,"href":"https:\/\/www.text2reach.com\/en\/wp-json\/wp\/v2\/pages\/6506\/revisions"}],"predecessor-version":[{"id":6507,"href":"https:\/\/www.text2reach.com\/en\/wp-json\/wp\/v2\/pages\/6506\/revisions\/6507"}],"wp:attachment":[{"href":"https:\/\/www.text2reach.com\/en\/wp-json\/wp\/v2\/media?parent=6506"}],"curies":[{"name":"wp","href":"https:\/\/api.w.org\/{rel}","templated":true}]}}