{"id":4821,"date":"2022-10-20T11:36:44","date_gmt":"2022-10-20T11:36:44","guid":{"rendered":"https:\/\/www.text2reach.com\/sms-messaging-copy\/"},"modified":"2024-03-01T07:28:03","modified_gmt":"2024-03-01T07:28:03","slug":"two-way-sms-service","status":"publish","type":"page","link":"https:\/\/www.text2reach.com\/en\/two-way-sms-service\/","title":{"rendered":"TWO WAY SMS service"},"content":{"rendered":"\n\n\n<div class=\"t2r-page-title-element is-intro-large\">\n    <div class=\"born-container is-default\">\n        <div class=\"content\">\n            <p>Use TWO WAY SMS messaging to send and receive replies, easily follow up on responses, and track who has responded and when.<\/p>\n        <\/div>\n    <\/div>\n<\/div>\n\n\n\n<div class=\"wp-block-columns alignfull has-background\" style=\"background-color:#f4f8f9\">\n<div class=\"wp-block-column\">\n\n\n<div class=\"t2r-single-feature is-reversed\">\n\n    <div class=\"item\">\n        <div class=\"image\">\n            <div class=\"photo\" style=\"background-image: url(https:\/\/www.text2reach.com\/wp-content\/uploads\/2022\/05\/2WAY-Messaging-Text2reach-840x560.jpg);\"><\/div>\n        <\/div>\n        <div class=\"data\">\n            <div class=\"inner\">\n                <div class=\"desc\">\n                    <h2>How does it work?<\/h2>\n                    <ol>\n<li><strong><a href=\"https:\/\/my.text2reach.com\/signup?language=en\">Create an account<\/a><\/strong> at Text2reach<\/li>\n<li><a href=\"https:\/\/www.text2reach.com\/en\/contact-us\/\"><strong>Contact us<\/strong><\/a> to get dedicated short code or long code*<\/li>\n<li>Integrate our <strong><a href=\"https:\/\/www.text2reach.com\/en\/sms-messaging-api-documentation\/\">SMS API for sending messages<\/a><\/strong><\/li>\n<li>Integrate our <strong><a href=\"https:\/\/www.text2reach.com\/en\/2way-sms-api-documentation\/\">Two-SMS API for receiving messages<\/a><\/strong><\/li>\n<\/ol>\n                <\/div>\n            <\/div>\n        <\/div>\n\n    <\/div>\n<\/div>\n\n\n\n\n\n\n<div class=\"t2r-single-feature \">\n\n    <div class=\"item\">\n        <div class=\"image\">\n            <div class=\"photo\" style=\"background-image: url(https:\/\/www.text2reach.com\/wp-content\/uploads\/2022\/05\/0103-Text2Reach_foto-Billijs-Locs-840x560.jpg);\"><\/div>\n        <\/div>\n        <div class=\"data\">\n            <div class=\"inner\">\n                <div class=\"desc\">\n                    <h2>Steps after API integration<\/h2>\n                    <ol>\n<li>You send SMS to your customers from your system, server or CRM (using <a href=\"https:\/\/www.text2reach.com\/en\/sms-messaging-api-documentation\/\"><strong>SMS Messaging API<\/strong><\/a>), and put short code or long code* as sender ID<\/li>\n<li>Customer receives SMS from your short code or long code*<\/li>\n<li data-stringify-indent=\"0\" data-stringify-border=\"0\">Customer has a reply option via SMS<\/li>\n<li>Your system receives your customer\u2019s SMS (via <strong><a href=\"https:\/\/www.text2reach.com\/en\/2way-sms-api-documentation\/\">Text2reach Two-way SMS API<\/a><\/strong>)<\/li>\n<\/ol>\n<p><em>*<i data-stringify-type=\"italic\">Your dedicated phone number to receive messages from your clients. A long code usually is an ordinary local mobile number of your country<\/i><\/em><\/p>\n                <\/div>\n            <\/div>\n        <\/div>\n\n    <\/div>\n<\/div>\n\n\n\n\n\n\n<div class=\"t2r-features-grid is-regular\">\n\n    \n    <div class=\"item\">\n        <h2>Faster response time<\/h2>\n                    <p>Providing better response rates compared to email, two-way SMS allows you to have an instant conversation with your customers. Easily send and receive SMS to save time on business communications and increase engagement in a cost-effective way.<\/p>\n                        <div class=\"cta\">\n            <a href=\"https:\/\/www.text2reach.com\/en\/sms-messaging-api-documentation\/\" target=\"\" class=\"t2r-button-1\">Send SMS API<\/a>\n        <\/div>\n            <\/div>\n\n    \n    <div class=\"item\">\n        <h2>Stay connected<\/h2>\n                    <p>Have a seamless integration with your software using SMS API for sending and Two Way SMS API for receiving messages. Create automated triggers in your system to send notifications, reminders, or other information significant for your business.<\/p>\n                        <div class=\"cta\">\n            <a href=\"https:\/\/www.text2reach.com\/en\/2way-sms-api-documentation\/\" target=\"\" class=\"t2r-button-1\">Receive SMS API<\/a>\n        <\/div>\n            <\/div>\n\n    \n    <div class=\"item\">\n        <h2><\/h2>\n                    <p><img loading=\"lazy\" class=\"size-medium wp-image-5131 aligncenter\" src=\"https:\/\/www.text2reach.com\/wp-content\/uploads\/2022\/10\/Dentist_ENG-219x300.png\" alt=\"\" width=\"219\" height=\"300\" srcset=\"https:\/\/www.text2reach.com\/wp-content\/uploads\/2022\/10\/Dentist_ENG-219x300.png 219w, https:\/\/www.text2reach.com\/wp-content\/uploads\/2022\/10\/Dentist_ENG-749x1024.png 749w, https:\/\/www.text2reach.com\/wp-content\/uploads\/2022\/10\/Dentist_ENG-768x1050.png 768w, https:\/\/www.text2reach.com\/wp-content\/uploads\/2022\/10\/Dentist_ENG-88x120.png 88w, https:\/\/www.text2reach.com\/wp-content\/uploads\/2022\/10\/Dentist_ENG-409x560.png 409w, https:\/\/www.text2reach.com\/wp-content\/uploads\/2022\/10\/Dentist_ENG-117x160.png 117w, https:\/\/www.text2reach.com\/wp-content\/uploads\/2022\/10\/Dentist_ENG-99x136.png 99w, https:\/\/www.text2reach.com\/wp-content\/uploads\/2022\/10\/Dentist_ENG-58x80.png 58w, https:\/\/www.text2reach.com\/wp-content\/uploads\/2022\/10\/Dentist_ENG-80x110.png 80w, https:\/\/www.text2reach.com\/wp-content\/uploads\/2022\/10\/Dentist_ENG-161x220.png 161w, https:\/\/www.text2reach.com\/wp-content\/uploads\/2022\/10\/Dentist_ENG-610x834.png 610w, https:\/\/www.text2reach.com\/wp-content\/uploads\/2022\/10\/Dentist_ENG.png 900w\" sizes=\"(max-width: 219px) 100vw, 219px\" \/><\/p>\n                        <div class=\"cta\">\n            <a href=\"https:\/\/www.text2reach.com\/en\/contact-us\/\" target=\"\" class=\"t2r-button-1\">Contact us<\/a>\n        <\/div>\n            <\/div>\n\n    \n<\/div>\n\n\n\n<h2 class=\"has-text-align-center has-background\" style=\"background-color:#f4f8f9\">Possible application<\/h2>\n\n\n\n<h3 class=\"has-text-align-center has-background\" style=\"background-color:#f4f8f9\"><strong>Learn how you can use our two-way SMS solution for your business<\/strong><\/h3>\n<\/div>\n<\/div>\n\n\n\n<div class=\"wp-block-columns alignfull has-background\" style=\"background-color:#f4f8f9\">\n<div class=\"wp-block-column\">\n\n\n<div class=\"t2r-features-grid is-compact\">\n\n    \n    <div class=\"item\">\n        <h2>\u231a\ufe0f Appointment reminders<\/h2>\n                    <p>Make sure your clients never miss an appointment by sending automated text message reminders<\/p>\n                    <\/div>\n\n    \n    <div class=\"item\">\n        <h2>\ud83d\udcdd Booking confirmations<\/h2>\n                    <p>Enhance every customer experience with automated booking and reservation confirmations<\/p>\n                    <\/div>\n\n    \n    <div class=\"item\">\n        <h2>\ud83d\ude9c Employee communication <\/h2>\n                    <p>Keep your employees engaged and up-to-date with timely reminders via SMS<\/p>\n                    <\/div>\n\n    \n    <div class=\"item\">\n        <h2>\ud83d\udcbb SMS for IT notifications<\/h2>\n                    <p>Integrate SMS with your existing technology stack and deliver automated IT notifications for more reliable operations<\/p>\n                    <\/div>\n\n    \n    <div class=\"item\">\n        <h2>\ud83d\udcb0 SMS for sales engagement<\/h2>\n                    <p>Use SMS promotions to drive higher engagement from customers, capturing their attention with personalized offers<\/p>\n                    <\/div>\n\n    \n    <div class=\"item\">\n        <h2>\ud83c\udfa4 SMS for event management<\/h2>\n                    <p>SMS helps manage each step of your event planning from organization, to event marketing and staff coordination<\/p>\n                    <\/div>\n\n    \n    <div class=\"item\">\n        <h2>\ud83d\ude0e SMS for customer support<\/h2>\n                    <p>Improve your customer support with two-way conversational messaging that allows customers to get in touch on their terms<\/p>\n                    <\/div>\n\n    \n    <div class=\"item\">\n        <h2>\ud83c\udf54 Food delivery &#038; online ordering<\/h2>\n                    <p>SMS enables direct communication with customers for online ordering and delivery to boost your profits<\/p>\n                    <\/div>\n\n    \n    <div class=\"item\">\n        <h2>\ud83d\udcf2 SMS for feedback<\/h2>\n                    <p>Improve your business with customer feedback via surveys and respond to customer issues proactively with SMS<\/p>\n                    <\/div>\n\n    \n<\/div>\n<\/div>\n<\/div>\n\n\n\n<div class=\"wp-block-columns\">\n<div class=\"wp-block-column\">\n\n\n<div class=\"t2r-page-title-element is-standalone-button\">\n    <div class=\"born-container is-default\">\n        <div class=\"content\">\n            <a href=\"https:\/\/my.text2reach.com\/signup?language=en\" target=\"\">Create a free SMS account<\/a>\n        <\/div>\n    <\/div>\n<\/div>\n\n<\/div>\n<\/div>\n\n\n\n<div class=\"wp-block-columns alignfull\">\n<div class=\"wp-block-column\">\n\n\n<div class=\"t2r-casestudy-slider\">\n\n    <div class=\"heading\">\n        <h2>OUR CUSTOMERS<\/h2>\n    <\/div>\n\n    <div class=\"slider\">\n\n        \n        <div class=\"slider-item\">\n            <div class=\"content\">\n                <div class=\"icon\">\n                    <div>\n                        <div class=\"photo\" style=\"background-image: url('https:\/\/www.text2reach.com\/wp-content\/uploads\/2022\/06\/Janis-Vanks_DBS-323x323.jpg');\"><\/div>\n                    <\/div>\n                <\/div>\n                <div class=\"text\">\n                    <div class=\"logo\">\n                        <img src=\"https:\/\/www.text2reach.com\/wp-content\/uploads\/2022\/06\/DBS-logo-PNG-220x93.png\" alt=\"\">                    <\/div>\n                    <p>J\u0101nis Vanks, Managing Director<\/p>\n<p>\u201cAt Dro\u0161as Brauk\u0161anas Skola we use the integration of SMS messaging to inform our customers about the driving lesson timetables and any changes \u00a0effecting our services. The collaboration with Text2reach has helped to improve the quality of DBS\u2019s services and customer experience.\u201d<\/p>\n                <\/div>\n            <\/div>\n        <\/div>\n\n        \n        <div class=\"slider-item\">\n            <div class=\"content\">\n                <div class=\"icon\">\n                    <div>\n                        <div class=\"photo\" style=\"background-image: url('https:\/\/www.text2reach.com\/wp-content\/uploads\/2022\/06\/Martins-Paurs_Telia-Latvija-323x323.jpg');\"><\/div>\n                    <\/div>\n                <\/div>\n                <div class=\"text\">\n                    <div class=\"logo\">\n                        <img src=\"https:\/\/www.text2reach.com\/wp-content\/uploads\/2022\/06\/TELIA_logo-220x123.png\" alt=\"\">                    <\/div>\n                    <p>M\u0101rti\u0146\u0161 Paurs, CCO Telia Latvija<\/p>\n<p>Telia Latvija is a long-term customer of Text2reach. During this cooperation, Text2reach has perfectly demonstrated its service&#8217;s quality, reliability, and continuity.<\/p>\n                <\/div>\n            <\/div>\n        <\/div>\n\n        \n        <div class=\"slider-item\">\n            <div class=\"content\">\n                <div class=\"icon\">\n                    <div>\n                        <div class=\"photo\" style=\"background-image: url('https:\/\/www.text2reach.com\/wp-content\/uploads\/2022\/06\/Girts-Slavins_Mobilly-Direktors-323x323.jpg');\"><\/div>\n                    <\/div>\n                <\/div>\n                <div class=\"text\">\n                    <div class=\"logo\">\n                        <img src=\"https:\/\/www.text2reach.com\/wp-content\/uploads\/2022\/06\/mobilly-logo-png-220x63.png\" alt=\"\">                    <\/div>\n                    <p>\u0122irts Slavi\u0146\u0161, Managing Director<\/p>\n<p>Since 2009 Text2reach has been a loyal partner for Mobilly for SMS notification services. When we develop our business, we always think long-term for both our customers and service providers. We have always been able to rely on SMS solutions provided by Text2reach and the high professionalism of the company&#8217;s team.<\/p>\n                <\/div>\n            <\/div>\n        <\/div>\n\n        \n        <div class=\"slider-item\">\n            <div class=\"content\">\n                <div class=\"icon\">\n                    <div>\n                        <div class=\"photo\" style=\"background-image: url('https:\/\/www.text2reach.com\/wp-content\/uploads\/2022\/06\/Andis-Sarkans-LMT-311x323.png');\"><\/div>\n                    <\/div>\n                <\/div>\n                <div class=\"text\">\n                    <div class=\"logo\">\n                        <img src=\"https:\/\/www.text2reach.com\/wp-content\/uploads\/2022\/06\/Lmt_logo-220x73.jpg\" alt=\"\">                    <\/div>\n                    <p>Andis Sarkans, Business Operations<\/p>\n<p>We are very pleased with our long-term collaboration with Text2reach in the area of sending A2P SMS to foreign countries.<br \/>\nWe appreciate the professionalism and fast response from the company employees.<\/p>\n                <\/div>\n            <\/div>\n        <\/div>\n\n        \n\n    <\/div>\n<\/div>\n\n<\/div>\n<\/div>\n\n\n\n<div class=\"wp-block-columns alignfull has-background\" style=\"background-color:#e9eff1\">\n<div class=\"wp-block-column\">\n\n\n<div class=\"t2r-faq\">\n\n    <div class=\"heading\">\n        <h2>FAQ<\/h2>\n    <\/div>\n\n    <div class=\"items-list\">\n\n        \n        <div class=\"t2r-accordion\">\n            <div class=\"inner\">\n                <a class=\"title collapsed\" data-bs-toggle=\"collapse\" href=\"#t2r-0521\">How does Two way SMS work?<\/a>\n                <div class=\"collapse\" id=\"t2r-0521\">\n                    <div class=\"content\">\n                        <div role=\"heading\" aria-level=\"4\">\n<div class=\"dnXCYb\" tabindex=\"0\" role=\"button\" aria-controls=\"_BPhWY5uaKYiOrwTRvZuQCQ_34\" aria-expanded=\"true\" data-hveid=\"CBcQAQ\">\n<div class=\"JlqpRe\">A two-way SMS service allows users to send and receive an SMS from a dedicated number through a web messaging platform or application programming interfaces (APIs).<\/div>\n<\/div>\n<\/div>\n                    <\/div>\n                <\/div>\n            <\/div>\n        <\/div>\n\n        \n        <div class=\"t2r-accordion\">\n            <div class=\"inner\">\n                <a class=\"title collapsed\" data-bs-toggle=\"collapse\" href=\"#t2r-1521\">How many SMS can I send at once?<\/a>\n                <div class=\"collapse\" id=\"t2r-1521\">\n                    <div class=\"content\">\n                        <p>There is no limit, but when sending large-scale SMS campaigns the processing speed varies from 10 to 50 SMS per second, depending on the country and the capacity of the mobile operator.<\/p>\n                    <\/div>\n                <\/div>\n            <\/div>\n        <\/div>\n\n        \n        <div class=\"t2r-accordion\">\n            <div class=\"inner\">\n                <a class=\"title collapsed\" data-bs-toggle=\"collapse\" href=\"#t2r-2521\">How can I know that my message has been delivered?<\/a>\n                <div class=\"collapse\" id=\"t2r-2521\">\n                    <div class=\"content\">\n                        <p>We provide delivery reports for each SMS sent through the Text2reach platform.<\/p>\n                    <\/div>\n                <\/div>\n            <\/div>\n        <\/div>\n\n        \n        <div class=\"t2r-accordion\">\n            <div class=\"inner\">\n                <a class=\"title collapsed\" data-bs-toggle=\"collapse\" href=\"#t2r-3521\">How long it takes to get long code for Two way SMS?<\/a>\n                <div class=\"collapse\" id=\"t2r-3521\">\n                    <div class=\"content\">\n                        <p>Usually it takes 2-3 business days to process your inquiry? <a href=\"https:\/\/www.text2reach.com\/en\/contact-us\/\">Contact us<\/a> to get yours<\/p>\n                    <\/div>\n                <\/div>\n            <\/div>\n        <\/div>\n\n        \n\n    <\/div>\n\n<\/div>\n\n\n<\/div>\n<\/div>\n\n\n\n\n\n<div class=\"t2r-brands\">\n    <div class=\"heading\">\n        TRUSTED BY    <\/div>\n    <div class=\"brands-grid\">\n\n                    <div class=\"brand\">\n\n                <img srcset=\"https:\/\/www.text2reach.com\/wp-content\/uploads\/2022\/05\/uber.png 2x\">\n            <\/div>\n                    <div class=\"brand\">\n\n                <img srcset=\"https:\/\/www.text2reach.com\/wp-content\/uploads\/2022\/05\/samsung.png 2x\">\n            <\/div>\n                    <div class=\"brand\">\n\n                <img srcset=\"https:\/\/www.text2reach.com\/wp-content\/uploads\/2022\/05\/ebay.png 2x\">\n            <\/div>\n                    <div class=\"brand\">\n\n                <img srcset=\"https:\/\/www.text2reach.com\/wp-content\/uploads\/2022\/05\/tiktok.png 2x\">\n            <\/div>\n                    <div class=\"brand\">\n\n                <img srcset=\"https:\/\/www.text2reach.com\/wp-content\/uploads\/2022\/05\/viber.png 2x\">\n            <\/div>\n        \n    <\/div>\n<\/div>\n\n\n\n\n\n    <div class=\"t2r-promo-cta\">\n        <div class=\"wrapper\">\n            <div class=\"born-container is-default\">\n                <div class=\"inner\">\n                    <h2>Our team is ready to answer any question!<\/h2>\n                    <div class=\"cta\">\n\n                        \n                            <a href=\"#\" class=\"t2r-button-2 is-white\" data-bs-toggle=\"modal\"\n                               data-bs-target=\"#t2r-modal-iframe\">Book a call<\/a>\n\n                        \n                    <\/div>\n                                            <div class=\"notes\">\n                            <p>Choose a suitable time and date for a remote conversation with a Text2reach consultant. When you book a time slot for the conversation, you\u2019ll receive a Google calendar invitation with a link for your call in your e-mail. See you soon \ud83d\ude09<\/p>\n                        <\/div>\n                                    <\/div>\n            <\/div>\n        <\/div>\n    <\/div>\n\n\n    <div class=\"modal fade\" id=\"t2r-modal-iframe\" tabindex=\"-1\" aria-labelledby=\"t2r-modal-iframeLabel\"\n         aria-hidden=\"true\">\n        <div class=\"modal-dialog modal-dialog-centered\">\n            <div class=\"modal-content\">\n\n                <div class=\"t2r-modal-iframe\">\n                    <div class=\"is-close\" data-bs-toggle=\"modal\" data-bs-target=\"#t2r-modal-iframe\"><\/div>\n\n                    <div class=\"meetings-iframe-container\" data-src=\"https:\/\/meetings.hubspot.com\/liene-dzivite?embed=true\"><\/div><script type=\"text\/javascript\" src=\"https:\/\/static.hsappstatic.net\/MeetingsEmbed\/ex\/MeetingsEmbedCode.js\"><\/script>\n                <\/div>\n\n            <\/div>\n        <\/div>\n    <\/div>\n\n\n\n","protected":false},"excerpt":{"rendered":"<p>Possible application Learn how you can use our two-way SMS solution for your business<\/p>\n","protected":false},"author":1,"featured_media":0,"parent":0,"menu_order":0,"comment_status":"closed","ping_status":"closed","template":"","meta":{"content-type":"","inline_featured_image":false},"acf":[],"yoast_head":"<!-- This site is optimized with the Yoast SEO plugin v19.0 - https:\/\/yoast.com\/wordpress\/plugins\/seo\/ -->\n<title>TWO WAY SMS service - Text2reach<\/title>\n<meta name=\"description\" content=\"Use two-way SMS messaging to send and receive replies, easily follow up on responses, and track who has responded and when.\" \/>\n<meta name=\"robots\" content=\"index, follow, max-snippet:-1, max-image-preview:large, max-video-preview:-1\" \/>\n<link rel=\"canonical\" href=\"https:\/\/www.text2reach.com\/en\/two-way-sms-service\/\" \/>\n<meta property=\"og:locale\" content=\"en_US\" \/>\n<meta property=\"og:type\" content=\"article\" \/>\n<meta property=\"og:title\" content=\"TWO WAY SMS service - Text2reach\" \/>\n<meta property=\"og:description\" content=\"Use two-way SMS messaging to send and receive replies, easily follow up on responses, and track who has responded and when.\" \/>\n<meta property=\"og:url\" content=\"https:\/\/www.text2reach.com\/en\/two-way-sms-service\/\" \/>\n<meta property=\"og:site_name\" content=\"Text2reach\" \/>\n<meta property=\"article:modified_time\" content=\"2024-03-01T07:28:03+00:00\" \/>\n<meta property=\"og:image\" content=\"https:\/\/www.text2reach.com\/wp-content\/uploads\/2022\/06\/opengraph.png\" \/>\n\t<meta property=\"og:image:width\" content=\"600\" \/>\n\t<meta property=\"og:image:height\" content=\"600\" \/>\n\t<meta property=\"og:image:type\" content=\"image\/png\" \/>\n<meta name=\"twitter:card\" content=\"summary_large_image\" \/>\n<meta name=\"twitter:label1\" content=\"Est. reading time\" \/>\n\t<meta name=\"twitter:data1\" content=\"1 minute\" \/>\n<script type=\"application\/ld+json\" class=\"yoast-schema-graph\">{\"@context\":\"https:\/\/schema.org\",\"@graph\":[{\"@type\":\"WebSite\",\"@id\":\"https:\/\/www.text2reach.com\/#website\",\"url\":\"https:\/\/www.text2reach.com\/\",\"name\":\"Text2reach\",\"description\":\"SMS izs\u016bt\u012b\u0161ana\",\"potentialAction\":[{\"@type\":\"SearchAction\",\"target\":{\"@type\":\"EntryPoint\",\"urlTemplate\":\"https:\/\/www.text2reach.com\/?s={search_term_string}\"},\"query-input\":\"required name=search_term_string\"}],\"inLanguage\":\"en-US\"},{\"@type\":\"WebPage\",\"@id\":\"https:\/\/www.text2reach.com\/en\/two-way-sms-service\/#webpage\",\"url\":\"https:\/\/www.text2reach.com\/en\/two-way-sms-service\/\",\"name\":\"TWO WAY SMS service - Text2reach\",\"isPartOf\":{\"@id\":\"https:\/\/www.text2reach.com\/#website\"},\"datePublished\":\"2022-10-20T11:36:44+00:00\",\"dateModified\":\"2024-03-01T07:28:03+00:00\",\"description\":\"Use two-way SMS messaging to send and receive replies, easily follow up on responses, and track who has responded and when.\",\"breadcrumb\":{\"@id\":\"https:\/\/www.text2reach.com\/en\/two-way-sms-service\/#breadcrumb\"},\"inLanguage\":\"en-US\",\"potentialAction\":[{\"@type\":\"ReadAction\",\"target\":[\"https:\/\/www.text2reach.com\/en\/two-way-sms-service\/\"]}]},{\"@type\":\"BreadcrumbList\",\"@id\":\"https:\/\/www.text2reach.com\/en\/two-way-sms-service\/#breadcrumb\",\"itemListElement\":[{\"@type\":\"ListItem\",\"position\":1,\"name\":\"Home\",\"item\":\"https:\/\/www.text2reach.com\/en\/\"},{\"@type\":\"ListItem\",\"position\":2,\"name\":\"TWO WAY SMS service\"}]}]}<\/script>\n<!-- \/ Yoast SEO plugin. -->","yoast_head_json":{"title":"TWO WAY SMS service - Text2reach","description":"Use two-way SMS messaging to send and receive replies, easily follow up on responses, and track who has responded and when.","robots":{"index":"index","follow":"follow","max-snippet":"max-snippet:-1","max-image-preview":"max-image-preview:large","max-video-preview":"max-video-preview:-1"},"canonical":"https:\/\/www.text2reach.com\/en\/two-way-sms-service\/","og_locale":"en_US","og_type":"article","og_title":"TWO WAY SMS service - Text2reach","og_description":"Use two-way SMS messaging to send and receive replies, easily follow up on responses, and track who has responded and when.","og_url":"https:\/\/www.text2reach.com\/en\/two-way-sms-service\/","og_site_name":"Text2reach","article_modified_time":"2024-03-01T07:28:03+00:00","og_image":[{"width":600,"height":600,"url":"https:\/\/www.text2reach.com\/wp-content\/uploads\/2022\/06\/opengraph.png","type":"image\/png"}],"twitter_card":"summary_large_image","twitter_misc":{"Est. reading time":"1 minute"},"schema":{"@context":"https:\/\/schema.org","@graph":[{"@type":"WebSite","@id":"https:\/\/www.text2reach.com\/#website","url":"https:\/\/www.text2reach.com\/","name":"Text2reach","description":"SMS izs\u016bt\u012b\u0161ana","potentialAction":[{"@type":"SearchAction","target":{"@type":"EntryPoint","urlTemplate":"https:\/\/www.text2reach.com\/?s={search_term_string}"},"query-input":"required name=search_term_string"}],"inLanguage":"en-US"},{"@type":"WebPage","@id":"https:\/\/www.text2reach.com\/en\/two-way-sms-service\/#webpage","url":"https:\/\/www.text2reach.com\/en\/two-way-sms-service\/","name":"TWO WAY SMS service - Text2reach","isPartOf":{"@id":"https:\/\/www.text2reach.com\/#website"},"datePublished":"2022-10-20T11:36:44+00:00","dateModified":"2024-03-01T07:28:03+00:00","description":"Use two-way SMS messaging to send and receive replies, easily follow up on responses, and track who has responded and when.","breadcrumb":{"@id":"https:\/\/www.text2reach.com\/en\/two-way-sms-service\/#breadcrumb"},"inLanguage":"en-US","potentialAction":[{"@type":"ReadAction","target":["https:\/\/www.text2reach.com\/en\/two-way-sms-service\/"]}]},{"@type":"BreadcrumbList","@id":"https:\/\/www.text2reach.com\/en\/two-way-sms-service\/#breadcrumb","itemListElement":[{"@type":"ListItem","position":1,"name":"Home","item":"https:\/\/www.text2reach.com\/en\/"},{"@type":"ListItem","position":2,"name":"TWO WAY SMS service"}]}]}},"_links":{"self":[{"href":"https:\/\/www.text2reach.com\/en\/wp-json\/wp\/v2\/pages\/4821"}],"collection":[{"href":"https:\/\/www.text2reach.com\/en\/wp-json\/wp\/v2\/pages"}],"about":[{"href":"https:\/\/www.text2reach.com\/en\/wp-json\/wp\/v2\/types\/page"}],"author":[{"embeddable":true,"href":"https:\/\/www.text2reach.com\/en\/wp-json\/wp\/v2\/users\/1"}],"replies":[{"embeddable":true,"href":"https:\/\/www.text2reach.com\/en\/wp-json\/wp\/v2\/comments?post=4821"}],"version-history":[{"count":159,"href":"https:\/\/www.text2reach.com\/en\/wp-json\/wp\/v2\/pages\/4821\/revisions"}],"predecessor-version":[{"id":5647,"href":"https:\/\/www.text2reach.com\/en\/wp-json\/wp\/v2\/pages\/4821\/revisions\/5647"}],"wp:attachment":[{"href":"https:\/\/www.text2reach.com\/en\/wp-json\/wp\/v2\/media?parent=4821"}],"curies":[{"name":"wp","href":"https:\/\/api.w.org\/{rel}","templated":true}]}}