{"id":3390,"date":"2022-05-17T13:37:29","date_gmt":"2022-05-17T13:37:29","guid":{"rendered":"https:\/\/web.text2reach.com\/sms-maksajumi\/"},"modified":"2024-03-01T07:30:13","modified_gmt":"2024-03-01T07:30:13","slug":"sms-payments","status":"publish","type":"page","link":"https:\/\/www.text2reach.com\/en\/sms-payments\/","title":{"rendered":"SMS Payments"},"content":{"rendered":"\n\n\n<div class=\"t2r-page-title-element is-intro-large\">\n    <div class=\"born-container is-default\">\n        <div class=\"content\">\n            <p>SMS payments are great for online payments with your mobile phone.<\/p>\n        <\/div>\n    <\/div>\n<\/div>\n\n\n\n<div class=\"wp-block-columns alignfull has-background\" style=\"background-color:#f4f8f9\">\n<div class=\"wp-block-column\">\n\n\n<div class=\"t2r-single-feature \">\n\n    <div class=\"item\">\n        <div class=\"image\">\n            <div class=\"photo\" style=\"background-image: url(https:\/\/www.text2reach.com\/wp-content\/uploads\/2022\/05\/SMS-Payments-Text2reach.com_-698x560.jpg);\"><\/div>\n        <\/div>\n        <div class=\"data\">\n            <div class=\"inner\">\n                <div class=\"desc\">\n                    <h2>Using the service<\/h2>\n                    <ul>\n<li>The customer sends SMS with the service code applying increased fee<\/li>\n<li>Text2reach processes and transfers information to the merchant via API connection<\/li>\n<li>The customer receives a reply SMS from the merchant<\/li>\n<li>The mobile operator charges the client<\/li>\n<li>Text2reach receives payment from the mobile operator and pays the merchant<\/li>\n<\/ul>\n                <\/div>\n            <\/div>\n        <\/div>\n\n    <\/div>\n<\/div>\n\n<\/div>\n<\/div>\n\n\n\n<div class=\"wp-block-columns alignfull has-background\" style=\"background-color:#f4f8f9\">\n<div class=\"wp-block-column\">\n\n\n<div class=\"t2r-single-feature is-reversed\">\n\n    <div class=\"item\">\n        <div class=\"image\">\n            <div class=\"photo\" style=\"background-image: url(https:\/\/www.text2reach.com\/wp-content\/uploads\/2022\/12\/SMS-Maksajumi-Text2reach.com_-840x560.jpg);\"><\/div>\n        <\/div>\n        <div class=\"data\">\n            <div class=\"inner\">\n                <div class=\"desc\">\n                    <h2>SMS payments are great for<\/h2>\n                    <ul>\n<li>Online service payments<\/li>\n<li>Voting and contest payments<\/li>\n<li>Advertisement fees<\/li>\n<li>Online game account top-ups<\/li>\n<li>Lottery and registration fees<\/li>\n<li>Utility meter readings<\/li>\n<\/ul>\n                <\/div>\n            <\/div>\n        <\/div>\n\n    <\/div>\n<\/div>\n\n<\/div>\n<\/div>\n\n\n\n<div class=\"wp-block-columns alignfull has-background\" style=\"background-color:#e9eff1\">\n<div class=\"wp-block-column\">\n\n\n<div class=\"t2r-features-grid is-compact\">\n\n    \n    <div class=\"item\">\n        <h2>\ud83d\ude0e Convenient and user-friendly<\/h2>\n                    <p>SMS payments are user-friendly and widely used<\/p>\n                    <\/div>\n\n    \n    <div class=\"item\">\n        <h2>\ud83d\udd12 Security<\/h2>\n                    <p>Mobile operators are responsible for paying the merchants and their payment security.<\/p>\n                    <\/div>\n\n    \n    <div class=\"item\">\n        <h2>\ud83d\udea9 No implementation fee<\/h2>\n                    <p>The service has no implementation or other fees.<\/p>\n                    <\/div>\n\n    \n    <div class=\"item\">\n        <h2>\ud83d\udcb5 Increase your revenue<\/h2>\n                    <p>SMS payments can be an additional revenue stream.<\/p>\n                    <\/div>\n\n    \n    <div class=\"item\">\n        <h2>\ud83d\udcaa Improve customer relations<\/h2>\n                    <p>Allows customer to pay quickly, easy and at any time.<\/p>\n                    <\/div>\n\n    \n    <div class=\"item\">\n        <h2>\ud83d\udcb0 Receive payments<\/h2>\n                    <p>Text2reach pays the merchants quickly and easily.<\/p>\n                    <\/div>\n\n    \n<\/div>\n<\/div>\n<\/div>\n\n\n\n\n\n    <div class=\"t2r-promo-cta\">\n        <div class=\"wrapper\">\n            <div class=\"born-container is-default\">\n                <div class=\"inner\">\n                    <h2>Our team is ready to answer any question!<\/h2>\n                    <div class=\"cta\">\n\n                        \n                            <a href=\"#\" class=\"t2r-button-2 is-white\" data-bs-toggle=\"modal\"\n                               data-bs-target=\"#t2r-modal-iframe\">Book a call<\/a>\n\n                        \n                    <\/div>\n                                            <div class=\"notes\">\n                            <p>Choose a suitable time and date for a remote conversation with a Text2reach consultant. When you book a time slot for the conversation, you\u2019ll receive a Google calendar invitation with a link for your call in your e-mail. See you soon \ud83d\ude09<\/p>\n                        <\/div>\n                                    <\/div>\n            <\/div>\n        <\/div>\n    <\/div>\n\n\n    <div class=\"modal fade\" id=\"t2r-modal-iframe\" tabindex=\"-1\" aria-labelledby=\"t2r-modal-iframeLabel\"\n         aria-hidden=\"true\">\n        <div class=\"modal-dialog modal-dialog-centered\">\n            <div class=\"modal-content\">\n\n                <div class=\"t2r-modal-iframe\">\n                    <div class=\"is-close\" data-bs-toggle=\"modal\" data-bs-target=\"#t2r-modal-iframe\"><\/div>\n\n                    <div class=\"meetings-iframe-container\" data-src=\"https:\/\/meetings.hubspot.com\/liene-dzivite?embed=true\"><\/div><script type=\"text\/javascript\" src=\"https:\/\/static.hsappstatic.net\/MeetingsEmbed\/ex\/MeetingsEmbedCode.js\"><\/script>\n                <\/div>\n\n            <\/div>\n        <\/div>\n    <\/div>\n\n","protected":false},"excerpt":{"rendered":"","protected":false},"author":1,"featured_media":0,"parent":0,"menu_order":0,"comment_status":"closed","ping_status":"closed","template":"","meta":{"content-type":"","inline_featured_image":false},"acf":[],"yoast_head":"<!-- This site is optimized with the Yoast SEO plugin v19.0 - https:\/\/yoast.com\/wordpress\/plugins\/seo\/ -->\n<title>SMS Payments - Text2reach<\/title>\n<meta name=\"description\" content=\"SMS payments are great for online services, voting, advertisement fees, online game account top-ups, lotteries and utility meter readings.\" \/>\n<meta name=\"robots\" content=\"index, follow, max-snippet:-1, max-image-preview:large, max-video-preview:-1\" \/>\n<link rel=\"canonical\" href=\"https:\/\/www.text2reach.com\/en\/sms-payments\/\" \/>\n<meta property=\"og:locale\" content=\"en_US\" \/>\n<meta property=\"og:type\" content=\"article\" \/>\n<meta property=\"og:title\" content=\"SMS Payments - Text2reach\" \/>\n<meta property=\"og:description\" content=\"SMS payments are great for online services, voting, advertisement fees, online game account top-ups, lotteries and utility meter readings.\" \/>\n<meta property=\"og:url\" content=\"https:\/\/www.text2reach.com\/en\/sms-payments\/\" \/>\n<meta property=\"og:site_name\" content=\"Text2reach\" \/>\n<meta property=\"article:modified_time\" content=\"2024-03-01T07:30:13+00:00\" \/>\n<meta property=\"og:image\" content=\"https:\/\/www.text2reach.com\/wp-content\/uploads\/2022\/06\/opengraph.png\" \/>\n\t<meta property=\"og:image:width\" content=\"600\" \/>\n\t<meta property=\"og:image:height\" content=\"600\" \/>\n\t<meta property=\"og:image:type\" content=\"image\/png\" \/>\n<meta name=\"twitter:card\" content=\"summary_large_image\" \/>\n<script type=\"application\/ld+json\" class=\"yoast-schema-graph\">{\"@context\":\"https:\/\/schema.org\",\"@graph\":[{\"@type\":\"WebSite\",\"@id\":\"https:\/\/www.text2reach.com\/#website\",\"url\":\"https:\/\/www.text2reach.com\/\",\"name\":\"Text2reach\",\"description\":\"SMS izs\u016bt\u012b\u0161ana\",\"potentialAction\":[{\"@type\":\"SearchAction\",\"target\":{\"@type\":\"EntryPoint\",\"urlTemplate\":\"https:\/\/www.text2reach.com\/?s={search_term_string}\"},\"query-input\":\"required name=search_term_string\"}],\"inLanguage\":\"en-US\"},{\"@type\":\"WebPage\",\"@id\":\"https:\/\/www.text2reach.com\/en\/sms-payments\/#webpage\",\"url\":\"https:\/\/www.text2reach.com\/en\/sms-payments\/\",\"name\":\"SMS Payments - Text2reach\",\"isPartOf\":{\"@id\":\"https:\/\/www.text2reach.com\/#website\"},\"datePublished\":\"2022-05-17T13:37:29+00:00\",\"dateModified\":\"2024-03-01T07:30:13+00:00\",\"description\":\"SMS payments are great for online services, voting, advertisement fees, online game account top-ups, lotteries and utility meter readings.\",\"breadcrumb\":{\"@id\":\"https:\/\/www.text2reach.com\/en\/sms-payments\/#breadcrumb\"},\"inLanguage\":\"en-US\",\"potentialAction\":[{\"@type\":\"ReadAction\",\"target\":[\"https:\/\/www.text2reach.com\/en\/sms-payments\/\"]}]},{\"@type\":\"BreadcrumbList\",\"@id\":\"https:\/\/www.text2reach.com\/en\/sms-payments\/#breadcrumb\",\"itemListElement\":[{\"@type\":\"ListItem\",\"position\":1,\"name\":\"Home\",\"item\":\"https:\/\/www.text2reach.com\/en\/\"},{\"@type\":\"ListItem\",\"position\":2,\"name\":\"SMS Payments\"}]}]}<\/script>\n<!-- \/ Yoast SEO plugin. -->","yoast_head_json":{"title":"SMS Payments - Text2reach","description":"SMS payments are great for online services, voting, advertisement fees, online game account top-ups, lotteries and utility meter readings.","robots":{"index":"index","follow":"follow","max-snippet":"max-snippet:-1","max-image-preview":"max-image-preview:large","max-video-preview":"max-video-preview:-1"},"canonical":"https:\/\/www.text2reach.com\/en\/sms-payments\/","og_locale":"en_US","og_type":"article","og_title":"SMS Payments - Text2reach","og_description":"SMS payments are great for online services, voting, advertisement fees, online game account top-ups, lotteries and utility meter readings.","og_url":"https:\/\/www.text2reach.com\/en\/sms-payments\/","og_site_name":"Text2reach","article_modified_time":"2024-03-01T07:30:13+00:00","og_image":[{"width":600,"height":600,"url":"https:\/\/www.text2reach.com\/wp-content\/uploads\/2022\/06\/opengraph.png","type":"image\/png"}],"twitter_card":"summary_large_image","schema":{"@context":"https:\/\/schema.org","@graph":[{"@type":"WebSite","@id":"https:\/\/www.text2reach.com\/#website","url":"https:\/\/www.text2reach.com\/","name":"Text2reach","description":"SMS izs\u016bt\u012b\u0161ana","potentialAction":[{"@type":"SearchAction","target":{"@type":"EntryPoint","urlTemplate":"https:\/\/www.text2reach.com\/?s={search_term_string}"},"query-input":"required name=search_term_string"}],"inLanguage":"en-US"},{"@type":"WebPage","@id":"https:\/\/www.text2reach.com\/en\/sms-payments\/#webpage","url":"https:\/\/www.text2reach.com\/en\/sms-payments\/","name":"SMS Payments - Text2reach","isPartOf":{"@id":"https:\/\/www.text2reach.com\/#website"},"datePublished":"2022-05-17T13:37:29+00:00","dateModified":"2024-03-01T07:30:13+00:00","description":"SMS payments are great for online services, voting, advertisement fees, online game account top-ups, lotteries and utility meter readings.","breadcrumb":{"@id":"https:\/\/www.text2reach.com\/en\/sms-payments\/#breadcrumb"},"inLanguage":"en-US","potentialAction":[{"@type":"ReadAction","target":["https:\/\/www.text2reach.com\/en\/sms-payments\/"]}]},{"@type":"BreadcrumbList","@id":"https:\/\/www.text2reach.com\/en\/sms-payments\/#breadcrumb","itemListElement":[{"@type":"ListItem","position":1,"name":"Home","item":"https:\/\/www.text2reach.com\/en\/"},{"@type":"ListItem","position":2,"name":"SMS Payments"}]}]}},"_links":{"self":[{"href":"https:\/\/www.text2reach.com\/en\/wp-json\/wp\/v2\/pages\/3390"}],"collection":[{"href":"https:\/\/www.text2reach.com\/en\/wp-json\/wp\/v2\/pages"}],"about":[{"href":"https:\/\/www.text2reach.com\/en\/wp-json\/wp\/v2\/types\/page"}],"author":[{"embeddable":true,"href":"https:\/\/www.text2reach.com\/en\/wp-json\/wp\/v2\/users\/1"}],"replies":[{"embeddable":true,"href":"https:\/\/www.text2reach.com\/en\/wp-json\/wp\/v2\/comments?post=3390"}],"version-history":[{"count":16,"href":"https:\/\/www.text2reach.com\/en\/wp-json\/wp\/v2\/pages\/3390\/revisions"}],"predecessor-version":[{"id":5653,"href":"https:\/\/www.text2reach.com\/en\/wp-json\/wp\/v2\/pages\/3390\/revisions\/5653"}],"wp:attachment":[{"href":"https:\/\/www.text2reach.com\/en\/wp-json\/wp\/v2\/media?parent=3390"}],"curies":[{"name":"wp","href":"https:\/\/api.w.org\/{rel}","templated":true}]}}