{"id":3367,"date":"2022-04-25T13:22:44","date_gmt":"2022-04-25T13:22:44","guid":{"rendered":"https:\/\/web.text2reach.com\/mnp-api-dokumentacija\/"},"modified":"2022-06-17T06:32:25","modified_gmt":"2022-06-17T06:32:25","slug":"mnp-api-documentation","status":"publish","type":"page","link":"https:\/\/www.text2reach.com\/en\/mnp-api-documentation\/","title":{"rendered":"MNP API documentation"},"content":{"rendered":"\n<h2 id=\"h2-title\">Introduction<\/h2>\n\n\n\n<p>Authentication is done using an unique key. Base url for requests is http:\/\/api.text2reach.com\/?api_key=API_KEY<\/p>\n\n\n\n<h2 id=\"h2-title\">1. HTTP interface<\/h2>\n\n\n\n<p>Requests are performed through HTTP protocol. <\/p>\n\n\n\n<p>Example:<\/p>\n\n\n\n<p><a href=\"https:\/\/api.text2reach.com\/mnp\/?api_key=FBEB5D95D8D78224F1E3AEBBE94F60E8&amp;phone=37126378162\">https:\/\/api.text2reach.com\/mnp\/?api_key=FBEB5D95D8D78224F1E3AEBBE94F60E8&amp;phone=37126378162<\/a><\/p>\n\n\n\n<h3 id=\"toc_1_1\">1.1 Parameters<\/h3>\n\n\n\n<figure class=\"wp-block-table\"><table><thead><tr><td>Name<\/td><td>Required<\/td><td>Default value<\/td><td>Description<\/td><\/tr><\/thead><tbody><tr><td>api_key<\/td><td>yes<\/td><td>&#8211;<\/td><td>your registered MNP-Service API key<\/td><\/tr><tr><td>phone<\/td><td>yes<\/td><td>&#8211;<\/td><td>Phone number in international format with or without &#8220;+&#8221; sign<\/td><\/tr><\/tbody><\/table><\/figure>\n\n\n\n<h2 id=\"another-h2\">2. Error codes<\/h2>\n\n\n\n<figure class=\"wp-block-table\"><table><thead><tr><th>Code<\/th><th>Description<\/th><\/tr><\/thead><tbody><tr><td>0<\/td><td>Successfully<\/td><\/tr><tr><td>1<\/td><td>Invalid API_KEY<\/td><\/tr><tr><td>2<\/td><td>System error<\/td><\/tr><tr><td>3<\/td><td>No route found<\/td><\/tr><tr><td>4<\/td><td>Requests overlimit<\/td><\/tr><tr><td>5<\/td><td>Not defined destination price<\/td><\/tr><tr><td>6<\/td><td>Restricted by country<\/td><\/tr><tr><td>7<\/td><td>Portability checking error<\/td><\/tr><tr><td>8<\/td><td>MNP lookup error<\/td><\/tr><tr><td>9<\/td><td>Insufficient funds<\/td><\/tr><tr><td>10<\/td><td>Restricted by IP-address<\/td><\/tr><tr><td>11<\/td><td>Invalid phone number format<\/td><\/tr><\/tbody><\/table><\/figure>\n","protected":false},"excerpt":{"rendered":"<p>Introduction Authentication is done using an unique key. Base url for requests is http:\/\/api.text2reach.com\/?api_key=API_KEY 1. HTTP interface Requests are performed through HTTP protocol. Example: https:\/\/api.text2reach.com\/mnp\/?api_key=FBEB5D95D8D78224F1E3AEBBE94F60E8&amp;phone=37126378162 1.1 Parameters Name Required Default value Description api_key yes &#8211; your registered MNP-Service API key phone yes &#8211; Phone number in international format with or without &#8220;+&#8221; sign 2. Error [&hellip;]<\/p>\n","protected":false},"author":1,"featured_media":0,"parent":0,"menu_order":0,"comment_status":"closed","ping_status":"closed","template":"template-sidebar.php","meta":{"content-type":"","inline_featured_image":false},"acf":[],"yoast_head":"<!-- This site is optimized with the Yoast SEO plugin v19.0 - https:\/\/yoast.com\/wordpress\/plugins\/seo\/ -->\n<title>MNP API documentation - Text2reach<\/title>\n<meta name=\"description\" content=\"Authentication is done using an unique key. Base url for requests is http:\/\/api.text2reach.com\/?api_key=API_KEY\" \/>\n<meta name=\"robots\" content=\"index, follow, max-snippet:-1, max-image-preview:large, max-video-preview:-1\" \/>\n<link rel=\"canonical\" href=\"https:\/\/www.text2reach.com\/en\/mnp-api-documentation\/\" \/>\n<meta property=\"og:locale\" content=\"en_US\" \/>\n<meta property=\"og:type\" content=\"article\" \/>\n<meta property=\"og:title\" content=\"MNP API documentation - Text2reach\" \/>\n<meta property=\"og:description\" content=\"Authentication is done using an unique key. Base url for requests is http:\/\/api.text2reach.com\/?api_key=API_KEY\" \/>\n<meta property=\"og:url\" content=\"https:\/\/www.text2reach.com\/en\/mnp-api-documentation\/\" \/>\n<meta property=\"og:site_name\" content=\"Text2reach\" \/>\n<meta property=\"article:modified_time\" content=\"2022-06-17T06:32:25+00:00\" \/>\n<meta property=\"og:image\" content=\"https:\/\/www.text2reach.com\/wp-content\/uploads\/2022\/06\/opengraph.png\" \/>\n\t<meta property=\"og:image:width\" content=\"600\" \/>\n\t<meta property=\"og:image:height\" content=\"600\" \/>\n\t<meta property=\"og:image:type\" content=\"image\/png\" \/>\n<meta name=\"twitter:card\" content=\"summary_large_image\" \/>\n<meta name=\"twitter:label1\" content=\"Est. reading time\" \/>\n\t<meta name=\"twitter:data1\" content=\"1 minute\" \/>\n<script type=\"application\/ld+json\" class=\"yoast-schema-graph\">{\"@context\":\"https:\/\/schema.org\",\"@graph\":[{\"@type\":\"WebSite\",\"@id\":\"https:\/\/www.text2reach.com\/#website\",\"url\":\"https:\/\/www.text2reach.com\/\",\"name\":\"Text2reach\",\"description\":\"SMS izs\u016bt\u012b\u0161ana\",\"potentialAction\":[{\"@type\":\"SearchAction\",\"target\":{\"@type\":\"EntryPoint\",\"urlTemplate\":\"https:\/\/www.text2reach.com\/?s={search_term_string}\"},\"query-input\":\"required name=search_term_string\"}],\"inLanguage\":\"en-US\"},{\"@type\":\"WebPage\",\"@id\":\"https:\/\/www.text2reach.com\/en\/mnp-api-documentation\/#webpage\",\"url\":\"https:\/\/www.text2reach.com\/en\/mnp-api-documentation\/\",\"name\":\"MNP API documentation - Text2reach\",\"isPartOf\":{\"@id\":\"https:\/\/www.text2reach.com\/#website\"},\"datePublished\":\"2022-04-25T13:22:44+00:00\",\"dateModified\":\"2022-06-17T06:32:25+00:00\",\"description\":\"Authentication is done using an unique key. Base url for requests is http:\/\/api.text2reach.com\/?api_key=API_KEY\",\"breadcrumb\":{\"@id\":\"https:\/\/www.text2reach.com\/en\/mnp-api-documentation\/#breadcrumb\"},\"inLanguage\":\"en-US\",\"potentialAction\":[{\"@type\":\"ReadAction\",\"target\":[\"https:\/\/www.text2reach.com\/en\/mnp-api-documentation\/\"]}]},{\"@type\":\"BreadcrumbList\",\"@id\":\"https:\/\/www.text2reach.com\/en\/mnp-api-documentation\/#breadcrumb\",\"itemListElement\":[{\"@type\":\"ListItem\",\"position\":1,\"name\":\"Home\",\"item\":\"https:\/\/www.text2reach.com\/en\/\"},{\"@type\":\"ListItem\",\"position\":2,\"name\":\"MNP API documentation\"}]}]}<\/script>\n<!-- \/ Yoast SEO plugin. -->","yoast_head_json":{"title":"MNP API documentation - Text2reach","description":"Authentication is done using an unique key. Base url for requests is http:\/\/api.text2reach.com\/?api_key=API_KEY","robots":{"index":"index","follow":"follow","max-snippet":"max-snippet:-1","max-image-preview":"max-image-preview:large","max-video-preview":"max-video-preview:-1"},"canonical":"https:\/\/www.text2reach.com\/en\/mnp-api-documentation\/","og_locale":"en_US","og_type":"article","og_title":"MNP API documentation - Text2reach","og_description":"Authentication is done using an unique key. Base url for requests is http:\/\/api.text2reach.com\/?api_key=API_KEY","og_url":"https:\/\/www.text2reach.com\/en\/mnp-api-documentation\/","og_site_name":"Text2reach","article_modified_time":"2022-06-17T06:32:25+00:00","og_image":[{"width":600,"height":600,"url":"https:\/\/www.text2reach.com\/wp-content\/uploads\/2022\/06\/opengraph.png","type":"image\/png"}],"twitter_card":"summary_large_image","twitter_misc":{"Est. reading time":"1 minute"},"schema":{"@context":"https:\/\/schema.org","@graph":[{"@type":"WebSite","@id":"https:\/\/www.text2reach.com\/#website","url":"https:\/\/www.text2reach.com\/","name":"Text2reach","description":"SMS izs\u016bt\u012b\u0161ana","potentialAction":[{"@type":"SearchAction","target":{"@type":"EntryPoint","urlTemplate":"https:\/\/www.text2reach.com\/?s={search_term_string}"},"query-input":"required name=search_term_string"}],"inLanguage":"en-US"},{"@type":"WebPage","@id":"https:\/\/www.text2reach.com\/en\/mnp-api-documentation\/#webpage","url":"https:\/\/www.text2reach.com\/en\/mnp-api-documentation\/","name":"MNP API documentation - Text2reach","isPartOf":{"@id":"https:\/\/www.text2reach.com\/#website"},"datePublished":"2022-04-25T13:22:44+00:00","dateModified":"2022-06-17T06:32:25+00:00","description":"Authentication is done using an unique key. Base url for requests is http:\/\/api.text2reach.com\/?api_key=API_KEY","breadcrumb":{"@id":"https:\/\/www.text2reach.com\/en\/mnp-api-documentation\/#breadcrumb"},"inLanguage":"en-US","potentialAction":[{"@type":"ReadAction","target":["https:\/\/www.text2reach.com\/en\/mnp-api-documentation\/"]}]},{"@type":"BreadcrumbList","@id":"https:\/\/www.text2reach.com\/en\/mnp-api-documentation\/#breadcrumb","itemListElement":[{"@type":"ListItem","position":1,"name":"Home","item":"https:\/\/www.text2reach.com\/en\/"},{"@type":"ListItem","position":2,"name":"MNP API documentation"}]}]}},"_links":{"self":[{"href":"https:\/\/www.text2reach.com\/en\/wp-json\/wp\/v2\/pages\/3367"}],"collection":[{"href":"https:\/\/www.text2reach.com\/en\/wp-json\/wp\/v2\/pages"}],"about":[{"href":"https:\/\/www.text2reach.com\/en\/wp-json\/wp\/v2\/types\/page"}],"author":[{"embeddable":true,"href":"https:\/\/www.text2reach.com\/en\/wp-json\/wp\/v2\/users\/1"}],"replies":[{"embeddable":true,"href":"https:\/\/www.text2reach.com\/en\/wp-json\/wp\/v2\/comments?post=3367"}],"version-history":[{"count":2,"href":"https:\/\/www.text2reach.com\/en\/wp-json\/wp\/v2\/pages\/3367\/revisions"}],"predecessor-version":[{"id":3761,"href":"https:\/\/www.text2reach.com\/en\/wp-json\/wp\/v2\/pages\/3367\/revisions\/3761"}],"wp:attachment":[{"href":"https:\/\/www.text2reach.com\/en\/wp-json\/wp\/v2\/media?parent=3367"}],"curies":[{"name":"wp","href":"https:\/\/api.w.org\/{rel}","templated":true}]}}