{"id":2745,"date":"2022-02-17T08:24:09","date_gmt":"2022-02-17T08:24:09","guid":{"rendered":"https:\/\/web.text2reach.com\/api-pieslegumi\/"},"modified":"2022-10-25T11:03:10","modified_gmt":"2022-10-25T11:03:10","slug":"api-connectivity","status":"publish","type":"page","link":"https:\/\/www.text2reach.com\/en\/api-connectivity\/","title":{"rendered":"API"},"content":{"rendered":"\n<p class=\"has-text-align-center\">We have created APIs for sending SMS, as well as for two-way SMS and number verification services. APIs are easily integrated and provide a more convenient business communication with your customers.<\/p>\n\n\n\n<div class=\"wp-block-columns alignfull has-background\" style=\"background-color:#f4f8f9\">\n<div class=\"wp-block-column\">\n\n\n<div class=\"t2r-api-grid\">\n    <div class=\"items-grid\">\n\n        \n        <div class=\"item\">\n                        <div class=\"icon\">\n                <img src=\"https:\/\/www.text2reach.com\/wp-content\/uploads\/2022\/02\/icon-document-1.svg\" alt=\"\">            <\/div>\n                        <div class=\"text\">\n                <h2><a href=\"https:\/\/text2reach.com\/en\/sms-messaging-api-documentation\/\" target=\"\">SMS API<\/a><\/h2>\n                <div class=\"desc\">\n                    Easily integrated into any business management system using an HTTPS connection.                <\/div>\n            <\/div>\n                        <div class=\"cta\">\n                <a href=\"https:\/\/text2reach.com\/en\/sms-messaging-api-documentation\/\" target=\"\">Documentation<\/a>\n            <\/div>\n                    <\/div>\n\n        \n        <div class=\"item\">\n                        <div class=\"icon\">\n                <img src=\"https:\/\/www.text2reach.com\/wp-content\/uploads\/2022\/02\/icon-document-1.svg\" alt=\"\">            <\/div>\n                        <div class=\"text\">\n                <h2><a href=\"https:\/\/text2reach.com\/en\/hlr-api-documentation\/\" target=\"\">HLR API<\/a><\/h2>\n                <div class=\"desc\">\n                    API solution for checking numbers is intended for clearing up the number databases and making real-time checks before sending.                <\/div>\n            <\/div>\n                        <div class=\"cta\">\n                <a href=\"https:\/\/text2reach.com\/en\/hlr-api-documentation\/\" target=\"\">Documentation<\/a>\n            <\/div>\n                    <\/div>\n\n        \n        <div class=\"item\">\n                        <div class=\"icon\">\n                <img src=\"https:\/\/www.text2reach.com\/wp-content\/uploads\/2022\/02\/icon-document-1.svg\" alt=\"\">            <\/div>\n                        <div class=\"text\">\n                <h2><a href=\"https:\/\/text2reach.com\/en\/mnp-api-documentation\/\" target=\"\">MNP API<\/a><\/h2>\n                <div class=\"desc\">\n                    Mobile number verification service by operator affiliation.                 <\/div>\n            <\/div>\n                        <div class=\"cta\">\n                <a href=\"https:\/\/text2reach.com\/en\/mnp-api-documentation\/\" target=\"\">Documentation<\/a>\n            <\/div>\n                    <\/div>\n\n        \n        <div class=\"item\">\n                        <div class=\"icon\">\n                <img src=\"https:\/\/www.text2reach.com\/wp-content\/uploads\/2022\/02\/icon-document-1.svg\" alt=\"\">            <\/div>\n                        <div class=\"text\">\n                <h2><a href=\"https:\/\/text2reach.com\/en\/2way-sms-api-documentation\/\" target=\"\">Two-way SMS API<\/a><\/h2>\n                <div class=\"desc\">\n                    API connection that allows you to receive SMS messages from the end customer. Suitable for projects where it is necessary to receive SMS replies from the customer. To use this solution, you need a virtual number subscription to which customers will send SMS replies.                <\/div>\n            <\/div>\n                        <div class=\"cta\">\n                <a href=\"https:\/\/text2reach.com\/en\/2way-sms-api-documentation\/\" target=\"\">Documentation<\/a>\n            <\/div>\n                    <\/div>\n\n        \n\n    <\/div>\n<\/div>\n<\/div>\n<\/div>\n","protected":false},"excerpt":{"rendered":"<p>We have created APIs for sending SMS, as well as for two-way SMS and number verification services. APIs are easily integrated and provide a more convenient business communication with your customers.<\/p>\n","protected":false},"author":1,"featured_media":0,"parent":0,"menu_order":0,"comment_status":"closed","ping_status":"closed","template":"","meta":{"content-type":"","inline_featured_image":false},"acf":[],"yoast_head":"<!-- This site is optimized with the Yoast SEO plugin v19.0 - https:\/\/yoast.com\/wordpress\/plugins\/seo\/ -->\n<title>API - Text2reach<\/title>\n<meta name=\"description\" content=\"APIs for sending SMS and WhatsApp messages and two-way SMS. APIs are easy to integrate for business communication.\" \/>\n<meta name=\"robots\" content=\"index, follow, max-snippet:-1, max-image-preview:large, max-video-preview:-1\" \/>\n<link rel=\"canonical\" href=\"https:\/\/www.text2reach.com\/en\/api-connectivity\/\" \/>\n<meta property=\"og:locale\" content=\"en_US\" \/>\n<meta property=\"og:type\" content=\"article\" \/>\n<meta property=\"og:title\" content=\"API - Text2reach\" \/>\n<meta property=\"og:description\" content=\"APIs for sending SMS and WhatsApp messages and two-way SMS. APIs are easy to integrate for business communication.\" \/>\n<meta property=\"og:url\" content=\"https:\/\/www.text2reach.com\/en\/api-connectivity\/\" \/>\n<meta property=\"og:site_name\" content=\"Text2reach\" \/>\n<meta property=\"article:modified_time\" content=\"2022-10-25T11:03:10+00:00\" \/>\n<meta property=\"og:image\" content=\"https:\/\/www.text2reach.com\/wp-content\/uploads\/2022\/06\/opengraph.png\" \/>\n\t<meta property=\"og:image:width\" content=\"600\" \/>\n\t<meta property=\"og:image:height\" content=\"600\" \/>\n\t<meta property=\"og:image:type\" content=\"image\/png\" \/>\n<meta name=\"twitter:card\" content=\"summary_large_image\" \/>\n<meta name=\"twitter:label1\" content=\"Est. reading time\" \/>\n\t<meta name=\"twitter:data1\" content=\"1 minute\" \/>\n<script type=\"application\/ld+json\" class=\"yoast-schema-graph\">{\"@context\":\"https:\/\/schema.org\",\"@graph\":[{\"@type\":\"WebSite\",\"@id\":\"https:\/\/www.text2reach.com\/#website\",\"url\":\"https:\/\/www.text2reach.com\/\",\"name\":\"Text2reach\",\"description\":\"SMS izs\u016bt\u012b\u0161ana\",\"potentialAction\":[{\"@type\":\"SearchAction\",\"target\":{\"@type\":\"EntryPoint\",\"urlTemplate\":\"https:\/\/www.text2reach.com\/?s={search_term_string}\"},\"query-input\":\"required name=search_term_string\"}],\"inLanguage\":\"en-US\"},{\"@type\":\"WebPage\",\"@id\":\"https:\/\/www.text2reach.com\/en\/api-connectivity\/#webpage\",\"url\":\"https:\/\/www.text2reach.com\/en\/api-connectivity\/\",\"name\":\"API - Text2reach\",\"isPartOf\":{\"@id\":\"https:\/\/www.text2reach.com\/#website\"},\"datePublished\":\"2022-02-17T08:24:09+00:00\",\"dateModified\":\"2022-10-25T11:03:10+00:00\",\"description\":\"APIs for sending SMS and WhatsApp messages and two-way SMS. APIs are easy to integrate for business communication.\",\"breadcrumb\":{\"@id\":\"https:\/\/www.text2reach.com\/en\/api-connectivity\/#breadcrumb\"},\"inLanguage\":\"en-US\",\"potentialAction\":[{\"@type\":\"ReadAction\",\"target\":[\"https:\/\/www.text2reach.com\/en\/api-connectivity\/\"]}]},{\"@type\":\"BreadcrumbList\",\"@id\":\"https:\/\/www.text2reach.com\/en\/api-connectivity\/#breadcrumb\",\"itemListElement\":[{\"@type\":\"ListItem\",\"position\":1,\"name\":\"Home\",\"item\":\"https:\/\/www.text2reach.com\/en\/\"},{\"@type\":\"ListItem\",\"position\":2,\"name\":\"API\"}]}]}<\/script>\n<!-- \/ Yoast SEO plugin. -->","yoast_head_json":{"title":"API - Text2reach","description":"APIs for sending SMS and WhatsApp messages and two-way SMS. APIs are easy to integrate for business communication.","robots":{"index":"index","follow":"follow","max-snippet":"max-snippet:-1","max-image-preview":"max-image-preview:large","max-video-preview":"max-video-preview:-1"},"canonical":"https:\/\/www.text2reach.com\/en\/api-connectivity\/","og_locale":"en_US","og_type":"article","og_title":"API - Text2reach","og_description":"APIs for sending SMS and WhatsApp messages and two-way SMS. APIs are easy to integrate for business communication.","og_url":"https:\/\/www.text2reach.com\/en\/api-connectivity\/","og_site_name":"Text2reach","article_modified_time":"2022-10-25T11:03:10+00:00","og_image":[{"width":600,"height":600,"url":"https:\/\/www.text2reach.com\/wp-content\/uploads\/2022\/06\/opengraph.png","type":"image\/png"}],"twitter_card":"summary_large_image","twitter_misc":{"Est. reading time":"1 minute"},"schema":{"@context":"https:\/\/schema.org","@graph":[{"@type":"WebSite","@id":"https:\/\/www.text2reach.com\/#website","url":"https:\/\/www.text2reach.com\/","name":"Text2reach","description":"SMS izs\u016bt\u012b\u0161ana","potentialAction":[{"@type":"SearchAction","target":{"@type":"EntryPoint","urlTemplate":"https:\/\/www.text2reach.com\/?s={search_term_string}"},"query-input":"required name=search_term_string"}],"inLanguage":"en-US"},{"@type":"WebPage","@id":"https:\/\/www.text2reach.com\/en\/api-connectivity\/#webpage","url":"https:\/\/www.text2reach.com\/en\/api-connectivity\/","name":"API - Text2reach","isPartOf":{"@id":"https:\/\/www.text2reach.com\/#website"},"datePublished":"2022-02-17T08:24:09+00:00","dateModified":"2022-10-25T11:03:10+00:00","description":"APIs for sending SMS and WhatsApp messages and two-way SMS. APIs are easy to integrate for business communication.","breadcrumb":{"@id":"https:\/\/www.text2reach.com\/en\/api-connectivity\/#breadcrumb"},"inLanguage":"en-US","potentialAction":[{"@type":"ReadAction","target":["https:\/\/www.text2reach.com\/en\/api-connectivity\/"]}]},{"@type":"BreadcrumbList","@id":"https:\/\/www.text2reach.com\/en\/api-connectivity\/#breadcrumb","itemListElement":[{"@type":"ListItem","position":1,"name":"Home","item":"https:\/\/www.text2reach.com\/en\/"},{"@type":"ListItem","position":2,"name":"API"}]}]}},"_links":{"self":[{"href":"https:\/\/www.text2reach.com\/en\/wp-json\/wp\/v2\/pages\/2745"}],"collection":[{"href":"https:\/\/www.text2reach.com\/en\/wp-json\/wp\/v2\/pages"}],"about":[{"href":"https:\/\/www.text2reach.com\/en\/wp-json\/wp\/v2\/types\/page"}],"author":[{"embeddable":true,"href":"https:\/\/www.text2reach.com\/en\/wp-json\/wp\/v2\/users\/1"}],"replies":[{"embeddable":true,"href":"https:\/\/www.text2reach.com\/en\/wp-json\/wp\/v2\/comments?post=2745"}],"version-history":[{"count":14,"href":"https:\/\/www.text2reach.com\/en\/wp-json\/wp\/v2\/pages\/2745\/revisions"}],"predecessor-version":[{"id":5085,"href":"https:\/\/www.text2reach.com\/en\/wp-json\/wp\/v2\/pages\/2745\/revisions\/5085"}],"wp:attachment":[{"href":"https:\/\/www.text2reach.com\/en\/wp-json\/wp\/v2\/media?parent=2745"}],"curies":[{"name":"wp","href":"https:\/\/api.w.org\/{rel}","templated":true}]}}